{"id":742,"date":"2023-01-18T12:05:51","date_gmt":"2023-01-18T12:05:51","guid":{"rendered":"http:\/\/deskflex-europe.eu\/impressum"},"modified":"2023-04-14T12:16:47","modified_gmt":"2023-04-14T12:16:47","slug":"impressum","status":"publish","type":"page","link":"https:\/\/deskflex-europe.eu\/en\/impressum","title":{"rendered":"Impressum"},"content":{"rendered":"<p>[et_pb_section fb_built=&#8221;1&#8243; admin_label=&#8221;ENGLISCH&#8221; _builder_version=&#8221;4.20.2&#8243; _module_preset=&#8221;default&#8221; background_color=&#8221;#000000&#8243; global_colors_info=&#8221;{}&#8221;][et_pb_row _builder_version=&#8221;4.19.0&#8243; _module_preset=&#8221;default&#8221; global_colors_info=&#8221;{}&#8221;][et_pb_column type=&#8221;4_4&#8243; _builder_version=&#8221;4.19.0&#8243; _module_preset=&#8221;default&#8221; global_colors_info=&#8221;{}&#8221;][et_pb_text _builder_version=&#8221;4.20.2&#8243; _module_preset=&#8221;default&#8221; text_text_color=&#8221;#FFFFFF&#8221; hover_enabled=&#8221;0&#8243; global_colors_info=&#8221;{}&#8221; sticky_enabled=&#8221;0&#8243;]<\/p>\n<p><strong>Legal Notice<\/strong><\/p>\n<p>Managing Director: Mike Tendera<\/p>\n<p><span style=\"color: #ffffff;\">t. +49 9564 800 116<br \/>m. +49 178 8077633<\/span><\/p>\n<p><img loading=\"lazy\" decoding=\"async\" class=\"wp-image-547 alignnone size-medium\" src=\"https:\/\/deskflex-europe.eu\/wp-content\/uploads\/2023\/02\/Deskflex_logo_weiss-300x64.png\" alt=\"\" width=\"300\" height=\"64\" \/><\/p>\n<p>A division of<br \/>office + community<br \/>Planen und Einrichten<\/p>\n<p>&nbsp;<\/p>\n<p>Business address:<br \/>Ringstra\u00dfe 24 | 96476 Bad Rodach<\/p>\n<p>Office address:<br \/>Karchestra\u00dfe 5 | 96450 Coburg<\/p>\n<p>m. +49 157 52 44 1940<\/p>\n<p><a href=\"mailto:info@deskflex-europe.eu\">info@deskflex-europe.eu<\/a><br \/><a href=\"http:\/\/www.deskflex-europe.eu\" target=\"_blank\" rel=\"noopener\">www.deskflex-europe.eu<\/a><\/p>\n<p>&nbsp;<\/p>\n<p>VAT ID: DE 341072145<br \/>Registration court: Coburg<br \/>Place of jurisdiction: Coburg<\/p>\n<p><a href=\"https:\/\/deskflex-europe.eu\/wp-content\/uploads\/2023\/04\/DESKFLEX-ABG-EN.pdf\" target=\"_blank\" rel=\"noopener\">General terms and conditions of business<\/a><\/p>\n<p>[\/et_pb_text][\/et_pb_column][\/et_pb_row][\/et_pb_section]<\/p>\n","protected":false},"excerpt":{"rendered":"<p>Legal Notice Managing Director: Mike Tendera t. +49 9564 800 116m. +49 178 8077633 A division ofoffice + communityPlanen und Einrichten &nbsp; Business address:Ringstra\u00dfe 24 | 96476 Bad Rodach Office address:Karchestra\u00dfe 5 | 96450 Coburg m. +49 157 52 44 1940 info@deskflex-europe.euwww.deskflex-europe.eu &nbsp; VAT ID: DE 341072145Registration court: CoburgPlace of jurisdiction: Coburg General terms and [&hellip;]<\/p>\n","protected":false},"author":1,"featured_media":0,"parent":0,"menu_order":0,"comment_status":"closed","ping_status":"closed","template":"","meta":{"_et_pb_use_builder":"on","_et_pb_old_content":"","_et_gb_content_width":"","footnotes":""},"class_list":["post-742","page","type-page","status-publish","hentry"],"yoast_head":"<!-- This site is optimized with the Yoast SEO plugin v25.3.1 - https:\/\/yoast.com\/wordpress\/plugins\/seo\/ -->\n<title>Impressum - DESKFLEX Einrichter f\u00fcr Leitstellen, Kontrollr\u00e4ume und Handelsr\u00e4ume.<\/title>\n<meta name=\"robots\" content=\"index, follow, max-snippet:-1, max-image-preview:large, max-video-preview:-1\" \/>\n<link rel=\"canonical\" href=\"https:\/\/deskflex-europe.eu\/en\/impressum\" \/>\n<meta property=\"og:locale\" content=\"en_US\" \/>\n<meta property=\"og:type\" content=\"article\" \/>\n<meta property=\"og:title\" content=\"Impressum - DESKFLEX Einrichter f\u00fcr Leitstellen, Kontrollr\u00e4ume und Handelsr\u00e4ume.\" \/>\n<meta property=\"og:description\" content=\"Legal Notice Managing Director: Mike Tendera t. +49 9564 800 116m. +49 178 8077633 A division ofoffice + communityPlanen und Einrichten &nbsp; Business address:Ringstra\u00dfe 24 | 96476 Bad Rodach Office address:Karchestra\u00dfe 5 | 96450 Coburg m. +49 157 52 44 1940 info@deskflex-europe.euwww.deskflex-europe.eu &nbsp; VAT ID: DE 341072145Registration court: CoburgPlace of jurisdiction: Coburg General terms and [&hellip;]\" \/>\n<meta property=\"og:url\" content=\"https:\/\/deskflex-europe.eu\/en\/impressum\" \/>\n<meta property=\"og:site_name\" content=\"DESKFLEX Einrichter f\u00fcr Leitstellen, Kontrollr\u00e4ume und Handelsr\u00e4ume.\" \/>\n<meta property=\"article:modified_time\" content=\"2023-04-14T12:16:47+00:00\" \/>\n<meta property=\"og:image\" content=\"https:\/\/deskflex-europe.eu\/wp-content\/uploads\/2023\/02\/Deskflex_logo_weiss-300x64.png\" \/>\n<meta name=\"twitter:card\" content=\"summary_large_image\" \/>\n<meta name=\"twitter:label1\" content=\"Est. reading time\" \/>\n\t<meta name=\"twitter:data1\" content=\"1 minute\" \/>\n<script type=\"application\/ld+json\" class=\"yoast-schema-graph\">{\"@context\":\"https:\/\/schema.org\",\"@graph\":[{\"@type\":\"WebPage\",\"@id\":\"https:\/\/deskflex-europe.eu\/en\/impressum\",\"url\":\"https:\/\/deskflex-europe.eu\/en\/impressum\",\"name\":\"Impressum - DESKFLEX Einrichter f\u00fcr Leitstellen, Kontrollr\u00e4ume und Handelsr\u00e4ume.\",\"isPartOf\":{\"@id\":\"https:\/\/deskflex-europe.eu\/#website\"},\"primaryImageOfPage\":{\"@id\":\"https:\/\/deskflex-europe.eu\/en\/impressum#primaryimage\"},\"image\":{\"@id\":\"https:\/\/deskflex-europe.eu\/en\/impressum#primaryimage\"},\"thumbnailUrl\":\"https:\/\/deskflex-europe.eu\/wp-content\/uploads\/2023\/02\/Deskflex_logo_weiss-300x64.png\",\"datePublished\":\"2023-01-18T12:05:51+00:00\",\"dateModified\":\"2023-04-14T12:16:47+00:00\",\"breadcrumb\":{\"@id\":\"https:\/\/deskflex-europe.eu\/en\/impressum#breadcrumb\"},\"inLanguage\":\"en-US\",\"potentialAction\":[{\"@type\":\"ReadAction\",\"target\":[\"https:\/\/deskflex-europe.eu\/en\/impressum\"]}]},{\"@type\":\"ImageObject\",\"inLanguage\":\"en-US\",\"@id\":\"https:\/\/deskflex-europe.eu\/en\/impressum#primaryimage\",\"url\":\"https:\/\/deskflex-europe.eu\/wp-content\/uploads\/2023\/02\/Deskflex_logo_weiss-300x64.png\",\"contentUrl\":\"https:\/\/deskflex-europe.eu\/wp-content\/uploads\/2023\/02\/Deskflex_logo_weiss-300x64.png\"},{\"@type\":\"BreadcrumbList\",\"@id\":\"https:\/\/deskflex-europe.eu\/en\/impressum#breadcrumb\",\"itemListElement\":[{\"@type\":\"ListItem\",\"position\":1,\"name\":\"Startseite\",\"item\":\"https:\/\/deskflex-europe.eu\/en\/willkommen\"},{\"@type\":\"ListItem\",\"position\":2,\"name\":\"Impressum\"}]},{\"@type\":\"WebSite\",\"@id\":\"https:\/\/deskflex-europe.eu\/#website\",\"url\":\"https:\/\/deskflex-europe.eu\/\",\"name\":\"DESKFLEX Einrichter f\u00fcr Leitstellen, Kontrollr\u00e4ume und Handelsr\u00e4ume.\",\"description\":\"Das modulare System f\u00fcr Bildschirmarbeitspl\u00e4tze mit Multi-Screen-Anwendung f\u00fcr Leitstellen, Kontrolltische und H\u00e4ndlertische.\",\"publisher\":{\"@id\":\"https:\/\/deskflex-europe.eu\/#organization\"},\"potentialAction\":[{\"@type\":\"SearchAction\",\"target\":{\"@type\":\"EntryPoint\",\"urlTemplate\":\"https:\/\/deskflex-europe.eu\/?s={search_term_string}\"},\"query-input\":{\"@type\":\"PropertyValueSpecification\",\"valueRequired\":true,\"valueName\":\"search_term_string\"}}],\"inLanguage\":\"en-US\"},{\"@type\":\"Organization\",\"@id\":\"https:\/\/deskflex-europe.eu\/#organization\",\"name\":\"Das modulare System f\u00fcr Bildschirmarbeitspl\u00e4tze mit Multi-Screen-Anwendung f\u00fcr Leitstellen, Kontrolltische und H\u00e4ndlertische.\",\"url\":\"https:\/\/deskflex-europe.eu\/\",\"logo\":{\"@type\":\"ImageObject\",\"inLanguage\":\"en-US\",\"@id\":\"https:\/\/deskflex-europe.eu\/#\/schema\/logo\/image\/\",\"url\":\"https:\/\/deskflex-europe.eu\/wp-content\/uploads\/2023\/02\/deskflex-logo-neu-de.png\",\"contentUrl\":\"https:\/\/deskflex-europe.eu\/wp-content\/uploads\/2023\/02\/deskflex-logo-neu-de.png\",\"width\":600,\"height\":119,\"caption\":\"Das modulare System f\u00fcr Bildschirmarbeitspl\u00e4tze mit Multi-Screen-Anwendung f\u00fcr Leitstellen, Kontrolltische und H\u00e4ndlertische.\"},\"image\":{\"@id\":\"https:\/\/deskflex-europe.eu\/#\/schema\/logo\/image\/\"}}]}<\/script>\n<!-- \/ Yoast SEO plugin. -->","yoast_head_json":{"title":"Impressum - DESKFLEX Einrichter f\u00fcr Leitstellen, Kontrollr\u00e4ume und Handelsr\u00e4ume.","robots":{"index":"index","follow":"follow","max-snippet":"max-snippet:-1","max-image-preview":"max-image-preview:large","max-video-preview":"max-video-preview:-1"},"canonical":"https:\/\/deskflex-europe.eu\/en\/impressum","og_locale":"en_US","og_type":"article","og_title":"Impressum - DESKFLEX Einrichter f\u00fcr Leitstellen, Kontrollr\u00e4ume und Handelsr\u00e4ume.","og_description":"Legal Notice Managing Director: Mike Tendera t. +49 9564 800 116m. +49 178 8077633 A division ofoffice + communityPlanen und Einrichten &nbsp; Business address:Ringstra\u00dfe 24 | 96476 Bad Rodach Office address:Karchestra\u00dfe 5 | 96450 Coburg m. +49 157 52 44 1940 info@deskflex-europe.euwww.deskflex-europe.eu &nbsp; VAT ID: DE 341072145Registration court: CoburgPlace of jurisdiction: Coburg General terms and [&hellip;]","og_url":"https:\/\/deskflex-europe.eu\/en\/impressum","og_site_name":"DESKFLEX Einrichter f\u00fcr Leitstellen, Kontrollr\u00e4ume und Handelsr\u00e4ume.","article_modified_time":"2023-04-14T12:16:47+00:00","og_image":[{"url":"https:\/\/deskflex-europe.eu\/wp-content\/uploads\/2023\/02\/Deskflex_logo_weiss-300x64.png","type":"","width":"","height":""}],"twitter_card":"summary_large_image","twitter_misc":{"Est. reading time":"1 minute"},"schema":{"@context":"https:\/\/schema.org","@graph":[{"@type":"WebPage","@id":"https:\/\/deskflex-europe.eu\/en\/impressum","url":"https:\/\/deskflex-europe.eu\/en\/impressum","name":"Impressum - DESKFLEX Einrichter f\u00fcr Leitstellen, Kontrollr\u00e4ume und Handelsr\u00e4ume.","isPartOf":{"@id":"https:\/\/deskflex-europe.eu\/#website"},"primaryImageOfPage":{"@id":"https:\/\/deskflex-europe.eu\/en\/impressum#primaryimage"},"image":{"@id":"https:\/\/deskflex-europe.eu\/en\/impressum#primaryimage"},"thumbnailUrl":"https:\/\/deskflex-europe.eu\/wp-content\/uploads\/2023\/02\/Deskflex_logo_weiss-300x64.png","datePublished":"2023-01-18T12:05:51+00:00","dateModified":"2023-04-14T12:16:47+00:00","breadcrumb":{"@id":"https:\/\/deskflex-europe.eu\/en\/impressum#breadcrumb"},"inLanguage":"en-US","potentialAction":[{"@type":"ReadAction","target":["https:\/\/deskflex-europe.eu\/en\/impressum"]}]},{"@type":"ImageObject","inLanguage":"en-US","@id":"https:\/\/deskflex-europe.eu\/en\/impressum#primaryimage","url":"https:\/\/deskflex-europe.eu\/wp-content\/uploads\/2023\/02\/Deskflex_logo_weiss-300x64.png","contentUrl":"https:\/\/deskflex-europe.eu\/wp-content\/uploads\/2023\/02\/Deskflex_logo_weiss-300x64.png"},{"@type":"BreadcrumbList","@id":"https:\/\/deskflex-europe.eu\/en\/impressum#breadcrumb","itemListElement":[{"@type":"ListItem","position":1,"name":"Startseite","item":"https:\/\/deskflex-europe.eu\/en\/willkommen"},{"@type":"ListItem","position":2,"name":"Impressum"}]},{"@type":"WebSite","@id":"https:\/\/deskflex-europe.eu\/#website","url":"https:\/\/deskflex-europe.eu\/","name":"DESKFLEX Einrichter f\u00fcr Leitstellen, Kontrollr\u00e4ume und Handelsr\u00e4ume.","description":"Das modulare System f\u00fcr Bildschirmarbeitspl\u00e4tze mit Multi-Screen-Anwendung f\u00fcr Leitstellen, Kontrolltische und H\u00e4ndlertische.","publisher":{"@id":"https:\/\/deskflex-europe.eu\/#organization"},"potentialAction":[{"@type":"SearchAction","target":{"@type":"EntryPoint","urlTemplate":"https:\/\/deskflex-europe.eu\/?s={search_term_string}"},"query-input":{"@type":"PropertyValueSpecification","valueRequired":true,"valueName":"search_term_string"}}],"inLanguage":"en-US"},{"@type":"Organization","@id":"https:\/\/deskflex-europe.eu\/#organization","name":"Das modulare System f\u00fcr Bildschirmarbeitspl\u00e4tze mit Multi-Screen-Anwendung f\u00fcr Leitstellen, Kontrolltische und H\u00e4ndlertische.","url":"https:\/\/deskflex-europe.eu\/","logo":{"@type":"ImageObject","inLanguage":"en-US","@id":"https:\/\/deskflex-europe.eu\/#\/schema\/logo\/image\/","url":"https:\/\/deskflex-europe.eu\/wp-content\/uploads\/2023\/02\/deskflex-logo-neu-de.png","contentUrl":"https:\/\/deskflex-europe.eu\/wp-content\/uploads\/2023\/02\/deskflex-logo-neu-de.png","width":600,"height":119,"caption":"Das modulare System f\u00fcr Bildschirmarbeitspl\u00e4tze mit Multi-Screen-Anwendung f\u00fcr Leitstellen, Kontrolltische und H\u00e4ndlertische."},"image":{"@id":"https:\/\/deskflex-europe.eu\/#\/schema\/logo\/image\/"}}]}},"_links":{"self":[{"href":"https:\/\/deskflex-europe.eu\/en\/wp-json\/wp\/v2\/pages\/742","targetHints":{"allow":["GET"]}}],"collection":[{"href":"https:\/\/deskflex-europe.eu\/en\/wp-json\/wp\/v2\/pages"}],"about":[{"href":"https:\/\/deskflex-europe.eu\/en\/wp-json\/wp\/v2\/types\/page"}],"author":[{"embeddable":true,"href":"https:\/\/deskflex-europe.eu\/en\/wp-json\/wp\/v2\/users\/1"}],"replies":[{"embeddable":true,"href":"https:\/\/deskflex-europe.eu\/en\/wp-json\/wp\/v2\/comments?post=742"}],"version-history":[{"count":7,"href":"https:\/\/deskflex-europe.eu\/en\/wp-json\/wp\/v2\/pages\/742\/revisions"}],"predecessor-version":[{"id":1017,"href":"https:\/\/deskflex-europe.eu\/en\/wp-json\/wp\/v2\/pages\/742\/revisions\/1017"}],"wp:attachment":[{"href":"https:\/\/deskflex-europe.eu\/en\/wp-json\/wp\/v2\/media?parent=742"}],"curies":[{"name":"wp","href":"https:\/\/api.w.org\/{rel}","templated":true}]}}