{"id":768,"date":"2023-02-08T12:52:13","date_gmt":"2023-02-08T12:52:13","guid":{"rendered":"http:\/\/deskflex-europe.eu\/?page_id=768"},"modified":"2023-04-12T11:12:27","modified_gmt":"2023-04-12T11:12:27","slug":"willkommen","status":"publish","type":"page","link":"https:\/\/deskflex-europe.eu\/en","title":{"rendered":"Willkommen"},"content":{"rendered":"<p>[et_pb_section fb_built=&#8221;1&#8243; admin_label=&#8221;willkommen ENGLISCH&#8221; module_id=&#8221;start&#8221; _builder_version=&#8221;4.20.2&#8243; _module_preset=&#8221;default&#8221; background_image=&#8221;https:\/\/deskflex-europe.eu\/wp-content\/uploads\/2022\/11\/Grundlage-fuer-Internetaufbau.jpg&#8221; min_height=&#8221;1000px&#8221; background_last_edited=&#8221;on|desktop&#8221; global_colors_info=&#8221;{}&#8221;][et_pb_row _builder_version=&#8221;4.19.0&#8243; _module_preset=&#8221;default&#8221; max_width=&#8221;1600px&#8221; custom_margin=&#8221;100px||||false|false&#8221; custom_padding=&#8221;||0px||false|false&#8221; global_colors_info=&#8221;{}&#8221;][et_pb_column type=&#8221;4_4&#8243; _builder_version=&#8221;4.19.0&#8243; _module_preset=&#8221;default&#8221; global_colors_info=&#8221;{}&#8221;][et_pb_text _builder_version=&#8221;4.20.2&#8243; _module_preset=&#8221;default&#8221; header_text_color=&#8221;#FFFFFF&#8221; header_font_size=&#8221;55px&#8221; header_line_height=&#8221;1.1em&#8221; header_font_size_tablet=&#8221;40px&#8221; header_font_size_phone=&#8221;30px&#8221; header_font_size_last_edited=&#8221;on|phone&#8221; header_text_shadow_style=&#8221;preset3&#8243; global_colors_info=&#8221;{}&#8221;]<\/p>\n<h1><strong>Welcome to DESKFLEX<br \/>Furnishers for control centres,<br \/>control rooms and trading floors.<br \/><\/strong><strong><br \/><\/strong><\/h1>\n<p>[\/et_pb_text][\/et_pb_column][\/et_pb_row][et_pb_row column_structure=&#8221;1_2,1_2&#8243; _builder_version=&#8221;4.19.0&#8243; _module_preset=&#8221;default&#8221; max_width=&#8221;1600px&#8221; custom_padding=&#8221;42px|||||&#8221; global_colors_info=&#8221;{}&#8221;][et_pb_column type=&#8221;1_2&#8243; _builder_version=&#8221;4.19.0&#8243; _module_preset=&#8221;default&#8221; global_colors_info=&#8221;{}&#8221;][et_pb_text _builder_version=&#8221;4.20.2&#8243; _module_preset=&#8221;default&#8221; hover_enabled=&#8221;0&#8243; global_colors_info=&#8221;{}&#8221; sticky_enabled=&#8221;0&#8243;]<iframe loading=\"lazy\" src=\"https:\/\/player.vimeo.com\/video\/816869544?h=9004c9ce8f&#038;title=0&#038;byline=0&#038;portrait=0\" width=\"640\" height=\"360\" frameborder=\"0\" allow=\"autoplay; fullscreen; picture-in-picture\" allowfullscreen><\/iframe>[\/et_pb_text][\/et_pb_column][et_pb_column type=&#8221;1_2&#8243; _builder_version=&#8221;4.19.0&#8243; _module_preset=&#8221;default&#8221; global_colors_info=&#8221;{}&#8221;][et_pb_divider show_divider=&#8221;off&#8221; disabled_on=&#8221;on|off|off&#8221; _builder_version=&#8221;4.20.2&#8243; _module_preset=&#8221;default&#8221; height=&#8221;150px&#8221; global_colors_info=&#8221;{}&#8221;][\/et_pb_divider][et_pb_image src=&#8221;https:\/\/deskflex-europe.eu\/wp-content\/uploads\/2023\/02\/Deskflex_logo_weiss.png&#8221; title_text=&#8221;Deskflex_logo_weiss&#8221; _builder_version=&#8221;4.19.0&#8243; _module_preset=&#8221;default&#8221; global_colors_info=&#8221;{}&#8221;][\/et_pb_image][\/et_pb_column][\/et_pb_row][\/et_pb_section]<\/p>\n","protected":false},"excerpt":{"rendered":"<p>Welcome to DESKFLEXFurnishers for control centres,control rooms and trading floors.<\/p>\n","protected":false},"author":1,"featured_media":0,"parent":0,"menu_order":0,"comment_status":"closed","ping_status":"closed","template":"","meta":{"_et_pb_use_builder":"on","_et_pb_old_content":"<p>[et_pb_section fb_built=\"1\" admin_label=\"willkommen DEUTSCH\" module_id=\"start\" _builder_version=\"4.20.2\" _module_preset=\"default\" background_image=\"https:\/\/deskflex-europe.eu\/wp-content\/uploads\/2022\/11\/Grundlage-fuer-Internetaufbau.jpg\" min_height=\"1000px\" hover_enabled=\"0\" background_last_edited=\"on|desktop\" global_colors_info=\"{}\" sticky_enabled=\"0\"][et_pb_row _builder_version=\"4.19.0\" _module_preset=\"default\" max_width=\"1600px\" custom_margin=\"100px||||false|false\" custom_padding=\"||0px||false|false\" global_colors_info=\"{}\"][et_pb_column type=\"4_4\" _builder_version=\"4.19.0\" _module_preset=\"default\" global_colors_info=\"{}\"][et_pb_text _builder_version=\"4.20.2\" _module_preset=\"default\" header_text_color=\"#FFFFFF\" header_font_size=\"55px\" header_line_height=\"1.1em\" header_font_size_tablet=\"40px\" header_font_size_phone=\"30px\" header_font_size_last_edited=\"on|phone\" header_text_shadow_style=\"preset3\" global_colors_info=\"{}\"]<\/p><h1><strong>Willkommen bei DESK<em>FLEX<\/em><\/strong><br \/><strong>Einrichter f\u00fcr Leitstand,<br \/>Kontroll- und Handelsr\u00e4ume.<\/strong><\/h1><p>[\/et_pb_text][\/et_pb_column][\/et_pb_row][et_pb_row column_structure=\"1_2,1_2\" _builder_version=\"4.19.0\" _module_preset=\"default\" max_width=\"1600px\" custom_padding=\"42px|||||\" global_colors_info=\"{}\"][et_pb_column type=\"1_2\" _builder_version=\"4.19.0\" _module_preset=\"default\" global_colors_info=\"{}\"][et_pb_text _builder_version=\"4.19.0\" _module_preset=\"default\" global_colors_info=\"{}\"]<iframe src=\"https:\/\/player.vimeo.com\/video\/800444589?h=a01bc2bf83&title=0&byline=0&portrait=0\" width=\"640\" height=\"360\" frameborder=\"0\" allowfullscreen=\"allowfullscreen\" data-mce-fragment=\"1\"><\/iframe>[\/et_pb_text][\/et_pb_column][et_pb_column type=\"1_2\" _builder_version=\"4.19.0\" _module_preset=\"default\" global_colors_info=\"{}\"][et_pb_divider show_divider=\"off\" disabled_on=\"on|off|off\" _builder_version=\"4.20.2\" _module_preset=\"default\" height=\"150px\" global_colors_info=\"{}\"][\/et_pb_divider][et_pb_image src=\"https:\/\/deskflex-europe.eu\/wp-content\/uploads\/2023\/02\/Deskflex_logo_weiss.png\" title_text=\"Deskflex_logo_weiss\" _builder_version=\"4.19.0\" _module_preset=\"default\" global_colors_info=\"{}\"][\/et_pb_image][\/et_pb_column][\/et_pb_row][\/et_pb_section]<\/p>","_et_gb_content_width":"","footnotes":""},"class_list":["post-768","page","type-page","status-publish","hentry"],"yoast_head":"<!-- This site is optimized with the Yoast SEO plugin v25.3.1 - https:\/\/yoast.com\/wordpress\/plugins\/seo\/ -->\n<title>Willkommen - DESKFLEX Einrichter f\u00fcr Leitstellen, Kontrollr\u00e4ume und Handelsr\u00e4ume.<\/title>\n<meta name=\"robots\" content=\"index, follow, max-snippet:-1, max-image-preview:large, max-video-preview:-1\" \/>\n<link rel=\"canonical\" href=\"https:\/\/deskflex-europe.eu\/en\/willkommen\" \/>\n<meta property=\"og:locale\" content=\"en_US\" \/>\n<meta property=\"og:type\" content=\"article\" \/>\n<meta property=\"og:title\" content=\"Willkommen - DESKFLEX Einrichter f\u00fcr Leitstellen, Kontrollr\u00e4ume und Handelsr\u00e4ume.\" \/>\n<meta property=\"og:description\" content=\"Welcome to DESKFLEXFurnishers for control centres,control rooms and trading floors.\" \/>\n<meta property=\"og:url\" content=\"https:\/\/deskflex-europe.eu\/en\/willkommen\" \/>\n<meta property=\"og:site_name\" content=\"DESKFLEX Einrichter f\u00fcr Leitstellen, Kontrollr\u00e4ume und Handelsr\u00e4ume.\" \/>\n<meta property=\"article:modified_time\" content=\"2023-04-12T11:12:27+00:00\" \/>\n<meta name=\"twitter:card\" content=\"summary_large_image\" \/>\n<meta name=\"twitter:label1\" content=\"Est. reading time\" \/>\n\t<meta name=\"twitter:data1\" content=\"1 minute\" \/>\n<script type=\"application\/ld+json\" class=\"yoast-schema-graph\">{\"@context\":\"https:\/\/schema.org\",\"@graph\":[{\"@type\":\"WebPage\",\"@id\":\"https:\/\/deskflex-europe.eu\/en\/willkommen\",\"url\":\"https:\/\/deskflex-europe.eu\/en\/willkommen\",\"name\":\"Willkommen - DESKFLEX Einrichter f\u00fcr Leitstellen, Kontrollr\u00e4ume und Handelsr\u00e4ume.\",\"isPartOf\":{\"@id\":\"https:\/\/deskflex-europe.eu\/#website\"},\"datePublished\":\"2023-02-08T12:52:13+00:00\",\"dateModified\":\"2023-04-12T11:12:27+00:00\",\"breadcrumb\":{\"@id\":\"https:\/\/deskflex-europe.eu\/en\/willkommen#breadcrumb\"},\"inLanguage\":\"en-US\",\"potentialAction\":[{\"@type\":\"ReadAction\",\"target\":[\"https:\/\/deskflex-europe.eu\/en\/willkommen\"]}]},{\"@type\":\"BreadcrumbList\",\"@id\":\"https:\/\/deskflex-europe.eu\/en\/willkommen#breadcrumb\",\"itemListElement\":[{\"@type\":\"ListItem\",\"position\":1,\"name\":\"Startseite\",\"item\":\"https:\/\/deskflex-europe.eu\/en\/willkommen\"},{\"@type\":\"ListItem\",\"position\":2,\"name\":\"Willkommen\"}]},{\"@type\":\"WebSite\",\"@id\":\"https:\/\/deskflex-europe.eu\/#website\",\"url\":\"https:\/\/deskflex-europe.eu\/\",\"name\":\"DESKFLEX Einrichter f\u00fcr Leitstellen, Kontrollr\u00e4ume und Handelsr\u00e4ume.\",\"description\":\"Das modulare System f\u00fcr Bildschirmarbeitspl\u00e4tze mit Multi-Screen-Anwendung f\u00fcr Leitstellen, Kontrolltische und H\u00e4ndlertische.\",\"publisher\":{\"@id\":\"https:\/\/deskflex-europe.eu\/#organization\"},\"potentialAction\":[{\"@type\":\"SearchAction\",\"target\":{\"@type\":\"EntryPoint\",\"urlTemplate\":\"https:\/\/deskflex-europe.eu\/?s={search_term_string}\"},\"query-input\":{\"@type\":\"PropertyValueSpecification\",\"valueRequired\":true,\"valueName\":\"search_term_string\"}}],\"inLanguage\":\"en-US\"},{\"@type\":\"Organization\",\"@id\":\"https:\/\/deskflex-europe.eu\/#organization\",\"name\":\"Das modulare System f\u00fcr Bildschirmarbeitspl\u00e4tze mit Multi-Screen-Anwendung f\u00fcr Leitstellen, Kontrolltische und H\u00e4ndlertische.\",\"url\":\"https:\/\/deskflex-europe.eu\/\",\"logo\":{\"@type\":\"ImageObject\",\"inLanguage\":\"en-US\",\"@id\":\"https:\/\/deskflex-europe.eu\/#\/schema\/logo\/image\/\",\"url\":\"https:\/\/deskflex-europe.eu\/wp-content\/uploads\/2023\/02\/deskflex-logo-neu-de.png\",\"contentUrl\":\"https:\/\/deskflex-europe.eu\/wp-content\/uploads\/2023\/02\/deskflex-logo-neu-de.png\",\"width\":600,\"height\":119,\"caption\":\"Das modulare System f\u00fcr Bildschirmarbeitspl\u00e4tze mit Multi-Screen-Anwendung f\u00fcr Leitstellen, Kontrolltische und H\u00e4ndlertische.\"},\"image\":{\"@id\":\"https:\/\/deskflex-europe.eu\/#\/schema\/logo\/image\/\"}}]}<\/script>\n<!-- \/ Yoast SEO plugin. -->","yoast_head_json":{"title":"Willkommen - DESKFLEX Einrichter f\u00fcr Leitstellen, Kontrollr\u00e4ume und Handelsr\u00e4ume.","robots":{"index":"index","follow":"follow","max-snippet":"max-snippet:-1","max-image-preview":"max-image-preview:large","max-video-preview":"max-video-preview:-1"},"canonical":"https:\/\/deskflex-europe.eu\/en\/willkommen","og_locale":"en_US","og_type":"article","og_title":"Willkommen - DESKFLEX Einrichter f\u00fcr Leitstellen, Kontrollr\u00e4ume und Handelsr\u00e4ume.","og_description":"Welcome to DESKFLEXFurnishers for control centres,control rooms and trading floors.","og_url":"https:\/\/deskflex-europe.eu\/en\/willkommen","og_site_name":"DESKFLEX Einrichter f\u00fcr Leitstellen, Kontrollr\u00e4ume und Handelsr\u00e4ume.","article_modified_time":"2023-04-12T11:12:27+00:00","twitter_card":"summary_large_image","twitter_misc":{"Est. reading time":"1 minute"},"schema":{"@context":"https:\/\/schema.org","@graph":[{"@type":"WebPage","@id":"https:\/\/deskflex-europe.eu\/en\/willkommen","url":"https:\/\/deskflex-europe.eu\/en\/willkommen","name":"Willkommen - DESKFLEX Einrichter f\u00fcr Leitstellen, Kontrollr\u00e4ume und Handelsr\u00e4ume.","isPartOf":{"@id":"https:\/\/deskflex-europe.eu\/#website"},"datePublished":"2023-02-08T12:52:13+00:00","dateModified":"2023-04-12T11:12:27+00:00","breadcrumb":{"@id":"https:\/\/deskflex-europe.eu\/en\/willkommen#breadcrumb"},"inLanguage":"en-US","potentialAction":[{"@type":"ReadAction","target":["https:\/\/deskflex-europe.eu\/en\/willkommen"]}]},{"@type":"BreadcrumbList","@id":"https:\/\/deskflex-europe.eu\/en\/willkommen#breadcrumb","itemListElement":[{"@type":"ListItem","position":1,"name":"Startseite","item":"https:\/\/deskflex-europe.eu\/en\/willkommen"},{"@type":"ListItem","position":2,"name":"Willkommen"}]},{"@type":"WebSite","@id":"https:\/\/deskflex-europe.eu\/#website","url":"https:\/\/deskflex-europe.eu\/","name":"DESKFLEX Einrichter f\u00fcr Leitstellen, Kontrollr\u00e4ume und Handelsr\u00e4ume.","description":"Das modulare System f\u00fcr Bildschirmarbeitspl\u00e4tze mit Multi-Screen-Anwendung f\u00fcr Leitstellen, Kontrolltische und H\u00e4ndlertische.","publisher":{"@id":"https:\/\/deskflex-europe.eu\/#organization"},"potentialAction":[{"@type":"SearchAction","target":{"@type":"EntryPoint","urlTemplate":"https:\/\/deskflex-europe.eu\/?s={search_term_string}"},"query-input":{"@type":"PropertyValueSpecification","valueRequired":true,"valueName":"search_term_string"}}],"inLanguage":"en-US"},{"@type":"Organization","@id":"https:\/\/deskflex-europe.eu\/#organization","name":"Das modulare System f\u00fcr Bildschirmarbeitspl\u00e4tze mit Multi-Screen-Anwendung f\u00fcr Leitstellen, Kontrolltische und H\u00e4ndlertische.","url":"https:\/\/deskflex-europe.eu\/","logo":{"@type":"ImageObject","inLanguage":"en-US","@id":"https:\/\/deskflex-europe.eu\/#\/schema\/logo\/image\/","url":"https:\/\/deskflex-europe.eu\/wp-content\/uploads\/2023\/02\/deskflex-logo-neu-de.png","contentUrl":"https:\/\/deskflex-europe.eu\/wp-content\/uploads\/2023\/02\/deskflex-logo-neu-de.png","width":600,"height":119,"caption":"Das modulare System f\u00fcr Bildschirmarbeitspl\u00e4tze mit Multi-Screen-Anwendung f\u00fcr Leitstellen, Kontrolltische und H\u00e4ndlertische."},"image":{"@id":"https:\/\/deskflex-europe.eu\/#\/schema\/logo\/image\/"}}]}},"_links":{"self":[{"href":"https:\/\/deskflex-europe.eu\/en\/wp-json\/wp\/v2\/pages\/768","targetHints":{"allow":["GET"]}}],"collection":[{"href":"https:\/\/deskflex-europe.eu\/en\/wp-json\/wp\/v2\/pages"}],"about":[{"href":"https:\/\/deskflex-europe.eu\/en\/wp-json\/wp\/v2\/types\/page"}],"author":[{"embeddable":true,"href":"https:\/\/deskflex-europe.eu\/en\/wp-json\/wp\/v2\/users\/1"}],"replies":[{"embeddable":true,"href":"https:\/\/deskflex-europe.eu\/en\/wp-json\/wp\/v2\/comments?post=768"}],"version-history":[{"count":4,"href":"https:\/\/deskflex-europe.eu\/en\/wp-json\/wp\/v2\/pages\/768\/revisions"}],"predecessor-version":[{"id":892,"href":"https:\/\/deskflex-europe.eu\/en\/wp-json\/wp\/v2\/pages\/768\/revisions\/892"}],"wp:attachment":[{"href":"https:\/\/deskflex-europe.eu\/en\/wp-json\/wp\/v2\/media?parent=768"}],"curies":[{"name":"wp","href":"https:\/\/api.w.org\/{rel}","templated":true}]}}