{"id":748,"date":"2023-01-18T12:05:51","date_gmt":"2023-01-18T12:05:51","guid":{"rendered":"http:\/\/deskflex-europe.eu\/?page_id=748"},"modified":"2023-04-14T12:15:06","modified_gmt":"2023-04-14T12:15:06","slug":"impressum","status":"publish","type":"page","link":"https:\/\/deskflex-europe.eu\/fr\/impressum","title":{"rendered":"Impressum"},"content":{"rendered":"<p>[et_pb_section fb_built=\u00a0\u00bb1&Prime; admin_label=\u00a0\u00bbFRANZ\u00d6SISCH\u00a0\u00bb _builder_version=\u00a0\u00bb4.20.2&Prime; _module_preset=\u00a0\u00bbdefault\u00a0\u00bb background_color=\u00a0\u00bb#000000&Prime; global_colors_info=\u00a0\u00bb{}\u00a0\u00bb][et_pb_row _builder_version=\u00a0\u00bb4.19.0&Prime; _module_preset=\u00a0\u00bbdefault\u00a0\u00bb global_colors_info=\u00a0\u00bb{}\u00a0\u00bb][et_pb_column type=\u00a0\u00bb4_4&Prime; _builder_version=\u00a0\u00bb4.19.0&Prime; _module_preset=\u00a0\u00bbdefault\u00a0\u00bb global_colors_info=\u00a0\u00bb{}\u00a0\u00bb][et_pb_text _builder_version=\u00a0\u00bb4.20.2&Prime; _module_preset=\u00a0\u00bbdefault\u00a0\u00bb text_text_color=\u00a0\u00bb#FFFFFF\u00a0\u00bb hover_enabled=\u00a0\u00bb0&Prime; global_colors_info=\u00a0\u00bb{}\u00a0\u00bb sticky_enabled=\u00a0\u00bb0&Prime;]<\/p>\n<p><strong>Mentions l\u00e9gales<\/strong><\/p>\n<p>Directeur g\u00e9n\u00e9ral\u00a0: Mike\u00a0Tendera<\/p>\n<p><span style=\"color: #ffffff;\">t. +49 9564 800 116<br \/>m. +49 178 8077633<\/span><\/p>\n<p><img loading=\"lazy\" decoding=\"async\" class=\"wp-image-547 alignnone size-medium\" src=\"https:\/\/deskflex-europe.eu\/wp-content\/uploads\/2023\/02\/Deskflex_logo_weiss-300x64.png\" alt=\"\" width=\"300\" height=\"64\" \/><\/p>\n<p>Une division de<br \/>office + community<br \/>Planen und Einrichten<\/p>\n<p>&nbsp;<\/p>\n<p>Adresse d&rsquo;affaires :<br \/>Ringstra\u00dfe 24 | 96476 Bad Rodach<\/p>\n<p>Adresse de bureau :<br \/>Karchestra\u00dfe 5 | 96450 Coburg<\/p>\n<p>m. +49 157 52 44 1940<\/p>\n<p><a href=\"mailto:info@deskflex-europe.eu\">info@deskflex-europe.eu<\/a><br \/><a href=\"http:\/\/www.deskflex-europe.eu\" target=\"_blank\" rel=\"noopener\">www.deskflex-europe.eu<\/a><\/p>\n<p>&nbsp;<\/p>\n<p>Num\u00e9ro de TVA : DE 341072145<br \/>Tribunal d&rsquo;enregistrement : Cobourg<br \/>Juridiction : Cobourg<\/p>\n<p><a href=\"https:\/\/deskflex-europe.eu\/wp-content\/uploads\/2023\/04\/DESKFLEX-ABG-FR.pdf\" target=\"_blank\" rel=\"noopener\">Conditions g\u00e9n\u00e9rales de vente<\/a><\/p>\n<p>[\/et_pb_text][\/et_pb_column][\/et_pb_row][\/et_pb_section]<\/p>\n","protected":false},"excerpt":{"rendered":"<p>Mentions l\u00e9gales Directeur g\u00e9n\u00e9ral\u00a0: Mike\u00a0Tendera t. +49 9564 800 116m. +49 178 8077633 Une division deoffice + communityPlanen und Einrichten &nbsp; Adresse d&rsquo;affaires :Ringstra\u00dfe 24 | 96476 Bad Rodach Adresse de bureau :Karchestra\u00dfe 5 | 96450 Coburg m. +49 157 52 44 1940 info@deskflex-europe.euwww.deskflex-europe.eu &nbsp; Num\u00e9ro de TVA : DE 341072145Tribunal d&rsquo;enregistrement : CobourgJuridiction : [&hellip;]<\/p>\n","protected":false},"author":1,"featured_media":0,"parent":0,"menu_order":0,"comment_status":"closed","ping_status":"closed","template":"","meta":{"_et_pb_use_builder":"on","_et_pb_old_content":"<p>[et_pb_section fb_built=\"1\" _builder_version=\"4.20.2\" _module_preset=\"default\" background_color=\"#000000\" hover_enabled=\"0\" global_colors_info=\"{}\" admin_label=\"ENGLISCH\" sticky_enabled=\"0\"][et_pb_row _builder_version=\"4.19.0\" _module_preset=\"default\" global_colors_info=\"{}\"][et_pb_column type=\"4_4\" _builder_version=\"4.19.0\" _module_preset=\"default\" global_colors_info=\"{}\"][et_pb_text _builder_version=\"4.20.2\" _module_preset=\"default\" text_text_color=\"#FFFFFF\" hover_enabled=\"0\" global_colors_info=\"{}\" sticky_enabled=\"0\"]<\/p><p><strong>Impressum<br \/><\/strong><\/p><p>Gesch\u00e4ftsf\u00fchrer: Mike Tendera<\/p><p><span style=\"color: #ffffff;\">t. +49 9564 800 116<br \/>m. +49 178 8077633<\/span><\/p><p><img class=\"wp-image-547 alignnone size-medium\" src=\"https:\/\/deskflex-europe.eu\/wp-content\/uploads\/2023\/02\/Deskflex_logo_weiss-300x64.png\" alt=\"\" width=\"300\" height=\"64\" \/><\/p><p>Ein Unternehmensbereich der<br \/>office + community<br \/>Planen und Einrichten<\/p><p>\u00a0<\/p><p>Gesch\u00e4ftsadresse:<br \/>Ringstra\u00dfe 24 | 96476 Bad Rodach<\/p><p>B\u00fcroadresse:<br \/>Karchestra\u00dfe 5 | 96450 Coburg<\/p><p>m. +49 157 52 44 1940<\/p><p><a href=\"mailto:info@deskflex-europe.eu\">info@deskflex-europe.eu<\/a><br \/><a href=\"http:\/\/www.deskflex-europe.eu\" target=\"_blank\" rel=\"noopener\">www.deskflex-europe.eu<\/a><\/p><p>\u00a0<\/p><p>USt-IdNr.: DE 341072145<br \/>Registergericht: Coburg<br \/>Gerichtsstand: Coburg<\/p><p><a href=\"https:\/\/deskflex-europe.eu\/wp-content\/uploads\/2023\/02\/DESKFLEX-ABG.pdf\" target=\"_blank\" rel=\"noopener\">Allgemeine Gesch\u00e4ftsbedin<u>g<\/u>ungen<\/a><\/p><p>[\/et_pb_text][\/et_pb_column][\/et_pb_row][\/et_pb_section]<\/p>","_et_gb_content_width":"","footnotes":""},"class_list":["post-748","page","type-page","status-publish","hentry"],"yoast_head":"<!-- This site is optimized with the Yoast SEO plugin v25.3.1 - https:\/\/yoast.com\/wordpress\/plugins\/seo\/ -->\n<title>Impressum - DESKFLEX Einrichter f\u00fcr Leitstellen, Kontrollr\u00e4ume und Handelsr\u00e4ume.<\/title>\n<meta name=\"robots\" content=\"index, follow, max-snippet:-1, max-image-preview:large, max-video-preview:-1\" \/>\n<link rel=\"canonical\" href=\"https:\/\/deskflex-europe.eu\/fr\/impressum\" \/>\n<meta property=\"og:locale\" content=\"fr_FR\" \/>\n<meta property=\"og:type\" content=\"article\" \/>\n<meta property=\"og:title\" content=\"Impressum - DESKFLEX Einrichter f\u00fcr Leitstellen, Kontrollr\u00e4ume und Handelsr\u00e4ume.\" \/>\n<meta property=\"og:description\" content=\"Mentions l\u00e9gales Directeur g\u00e9n\u00e9ral\u00a0: Mike\u00a0Tendera t. +49 9564 800 116m. +49 178 8077633 Une division deoffice + communityPlanen und Einrichten &nbsp; Adresse d&#039;affaires :Ringstra\u00dfe 24 | 96476 Bad Rodach Adresse de bureau :Karchestra\u00dfe 5 | 96450 Coburg m. +49 157 52 44 1940 info@deskflex-europe.euwww.deskflex-europe.eu &nbsp; Num\u00e9ro de TVA : DE 341072145Tribunal d&#039;enregistrement : CobourgJuridiction : [&hellip;]\" \/>\n<meta property=\"og:url\" content=\"https:\/\/deskflex-europe.eu\/fr\/impressum\" \/>\n<meta property=\"og:site_name\" content=\"DESKFLEX Einrichter f\u00fcr Leitstellen, Kontrollr\u00e4ume und Handelsr\u00e4ume.\" \/>\n<meta property=\"article:modified_time\" content=\"2023-04-14T12:15:06+00:00\" \/>\n<meta property=\"og:image\" content=\"https:\/\/deskflex-europe.eu\/wp-content\/uploads\/2023\/02\/Deskflex_logo_weiss-300x64.png\" \/>\n<meta name=\"twitter:card\" content=\"summary_large_image\" \/>\n<meta name=\"twitter:label1\" content=\"Dur\u00e9e de lecture estim\u00e9e\" \/>\n\t<meta name=\"twitter:data1\" content=\"1 minute\" \/>\n<script type=\"application\/ld+json\" class=\"yoast-schema-graph\">{\"@context\":\"https:\/\/schema.org\",\"@graph\":[{\"@type\":\"WebPage\",\"@id\":\"https:\/\/deskflex-europe.eu\/fr\/impressum\",\"url\":\"https:\/\/deskflex-europe.eu\/fr\/impressum\",\"name\":\"Impressum - DESKFLEX Einrichter f\u00fcr Leitstellen, Kontrollr\u00e4ume und Handelsr\u00e4ume.\",\"isPartOf\":{\"@id\":\"https:\/\/deskflex-europe.eu\/#website\"},\"primaryImageOfPage\":{\"@id\":\"https:\/\/deskflex-europe.eu\/fr\/impressum#primaryimage\"},\"image\":{\"@id\":\"https:\/\/deskflex-europe.eu\/fr\/impressum#primaryimage\"},\"thumbnailUrl\":\"https:\/\/deskflex-europe.eu\/wp-content\/uploads\/2023\/02\/Deskflex_logo_weiss-300x64.png\",\"datePublished\":\"2023-01-18T12:05:51+00:00\",\"dateModified\":\"2023-04-14T12:15:06+00:00\",\"breadcrumb\":{\"@id\":\"https:\/\/deskflex-europe.eu\/fr\/impressum#breadcrumb\"},\"inLanguage\":\"fr-FR\",\"potentialAction\":[{\"@type\":\"ReadAction\",\"target\":[\"https:\/\/deskflex-europe.eu\/fr\/impressum\"]}]},{\"@type\":\"ImageObject\",\"inLanguage\":\"fr-FR\",\"@id\":\"https:\/\/deskflex-europe.eu\/fr\/impressum#primaryimage\",\"url\":\"https:\/\/deskflex-europe.eu\/wp-content\/uploads\/2023\/02\/Deskflex_logo_weiss-300x64.png\",\"contentUrl\":\"https:\/\/deskflex-europe.eu\/wp-content\/uploads\/2023\/02\/Deskflex_logo_weiss-300x64.png\"},{\"@type\":\"BreadcrumbList\",\"@id\":\"https:\/\/deskflex-europe.eu\/fr\/impressum#breadcrumb\",\"itemListElement\":[{\"@type\":\"ListItem\",\"position\":1,\"name\":\"Startseite\",\"item\":\"https:\/\/deskflex-europe.eu\/fr\/willkommen\"},{\"@type\":\"ListItem\",\"position\":2,\"name\":\"Impressum\"}]},{\"@type\":\"WebSite\",\"@id\":\"https:\/\/deskflex-europe.eu\/#website\",\"url\":\"https:\/\/deskflex-europe.eu\/\",\"name\":\"DESKFLEX Einrichter f\u00fcr Leitstellen, Kontrollr\u00e4ume und Handelsr\u00e4ume.\",\"description\":\"Das modulare System f\u00fcr Bildschirmarbeitspl\u00e4tze mit Multi-Screen-Anwendung f\u00fcr Leitstellen, Kontrolltische und H\u00e4ndlertische.\",\"publisher\":{\"@id\":\"https:\/\/deskflex-europe.eu\/#organization\"},\"potentialAction\":[{\"@type\":\"SearchAction\",\"target\":{\"@type\":\"EntryPoint\",\"urlTemplate\":\"https:\/\/deskflex-europe.eu\/?s={search_term_string}\"},\"query-input\":{\"@type\":\"PropertyValueSpecification\",\"valueRequired\":true,\"valueName\":\"search_term_string\"}}],\"inLanguage\":\"fr-FR\"},{\"@type\":\"Organization\",\"@id\":\"https:\/\/deskflex-europe.eu\/#organization\",\"name\":\"Das modulare System f\u00fcr Bildschirmarbeitspl\u00e4tze mit Multi-Screen-Anwendung f\u00fcr Leitstellen, Kontrolltische und H\u00e4ndlertische.\",\"url\":\"https:\/\/deskflex-europe.eu\/\",\"logo\":{\"@type\":\"ImageObject\",\"inLanguage\":\"fr-FR\",\"@id\":\"https:\/\/deskflex-europe.eu\/#\/schema\/logo\/image\/\",\"url\":\"https:\/\/deskflex-europe.eu\/wp-content\/uploads\/2023\/02\/deskflex-logo-neu-de.png\",\"contentUrl\":\"https:\/\/deskflex-europe.eu\/wp-content\/uploads\/2023\/02\/deskflex-logo-neu-de.png\",\"width\":600,\"height\":119,\"caption\":\"Das modulare System f\u00fcr Bildschirmarbeitspl\u00e4tze mit Multi-Screen-Anwendung f\u00fcr Leitstellen, Kontrolltische und H\u00e4ndlertische.\"},\"image\":{\"@id\":\"https:\/\/deskflex-europe.eu\/#\/schema\/logo\/image\/\"}}]}<\/script>\n<!-- \/ Yoast SEO plugin. -->","yoast_head_json":{"title":"Impressum - DESKFLEX Einrichter f\u00fcr Leitstellen, Kontrollr\u00e4ume und Handelsr\u00e4ume.","robots":{"index":"index","follow":"follow","max-snippet":"max-snippet:-1","max-image-preview":"max-image-preview:large","max-video-preview":"max-video-preview:-1"},"canonical":"https:\/\/deskflex-europe.eu\/fr\/impressum","og_locale":"fr_FR","og_type":"article","og_title":"Impressum - DESKFLEX Einrichter f\u00fcr Leitstellen, Kontrollr\u00e4ume und Handelsr\u00e4ume.","og_description":"Mentions l\u00e9gales Directeur g\u00e9n\u00e9ral\u00a0: Mike\u00a0Tendera t. +49 9564 800 116m. +49 178 8077633 Une division deoffice + communityPlanen und Einrichten &nbsp; Adresse d'affaires :Ringstra\u00dfe 24 | 96476 Bad Rodach Adresse de bureau :Karchestra\u00dfe 5 | 96450 Coburg m. +49 157 52 44 1940 info@deskflex-europe.euwww.deskflex-europe.eu &nbsp; Num\u00e9ro de TVA : DE 341072145Tribunal d'enregistrement : CobourgJuridiction : [&hellip;]","og_url":"https:\/\/deskflex-europe.eu\/fr\/impressum","og_site_name":"DESKFLEX Einrichter f\u00fcr Leitstellen, Kontrollr\u00e4ume und Handelsr\u00e4ume.","article_modified_time":"2023-04-14T12:15:06+00:00","og_image":[{"url":"https:\/\/deskflex-europe.eu\/wp-content\/uploads\/2023\/02\/Deskflex_logo_weiss-300x64.png","type":"","width":"","height":""}],"twitter_card":"summary_large_image","twitter_misc":{"Dur\u00e9e de lecture estim\u00e9e":"1 minute"},"schema":{"@context":"https:\/\/schema.org","@graph":[{"@type":"WebPage","@id":"https:\/\/deskflex-europe.eu\/fr\/impressum","url":"https:\/\/deskflex-europe.eu\/fr\/impressum","name":"Impressum - DESKFLEX Einrichter f\u00fcr Leitstellen, Kontrollr\u00e4ume und Handelsr\u00e4ume.","isPartOf":{"@id":"https:\/\/deskflex-europe.eu\/#website"},"primaryImageOfPage":{"@id":"https:\/\/deskflex-europe.eu\/fr\/impressum#primaryimage"},"image":{"@id":"https:\/\/deskflex-europe.eu\/fr\/impressum#primaryimage"},"thumbnailUrl":"https:\/\/deskflex-europe.eu\/wp-content\/uploads\/2023\/02\/Deskflex_logo_weiss-300x64.png","datePublished":"2023-01-18T12:05:51+00:00","dateModified":"2023-04-14T12:15:06+00:00","breadcrumb":{"@id":"https:\/\/deskflex-europe.eu\/fr\/impressum#breadcrumb"},"inLanguage":"fr-FR","potentialAction":[{"@type":"ReadAction","target":["https:\/\/deskflex-europe.eu\/fr\/impressum"]}]},{"@type":"ImageObject","inLanguage":"fr-FR","@id":"https:\/\/deskflex-europe.eu\/fr\/impressum#primaryimage","url":"https:\/\/deskflex-europe.eu\/wp-content\/uploads\/2023\/02\/Deskflex_logo_weiss-300x64.png","contentUrl":"https:\/\/deskflex-europe.eu\/wp-content\/uploads\/2023\/02\/Deskflex_logo_weiss-300x64.png"},{"@type":"BreadcrumbList","@id":"https:\/\/deskflex-europe.eu\/fr\/impressum#breadcrumb","itemListElement":[{"@type":"ListItem","position":1,"name":"Startseite","item":"https:\/\/deskflex-europe.eu\/fr\/willkommen"},{"@type":"ListItem","position":2,"name":"Impressum"}]},{"@type":"WebSite","@id":"https:\/\/deskflex-europe.eu\/#website","url":"https:\/\/deskflex-europe.eu\/","name":"DESKFLEX Einrichter f\u00fcr Leitstellen, Kontrollr\u00e4ume und Handelsr\u00e4ume.","description":"Das modulare System f\u00fcr Bildschirmarbeitspl\u00e4tze mit Multi-Screen-Anwendung f\u00fcr Leitstellen, Kontrolltische und H\u00e4ndlertische.","publisher":{"@id":"https:\/\/deskflex-europe.eu\/#organization"},"potentialAction":[{"@type":"SearchAction","target":{"@type":"EntryPoint","urlTemplate":"https:\/\/deskflex-europe.eu\/?s={search_term_string}"},"query-input":{"@type":"PropertyValueSpecification","valueRequired":true,"valueName":"search_term_string"}}],"inLanguage":"fr-FR"},{"@type":"Organization","@id":"https:\/\/deskflex-europe.eu\/#organization","name":"Das modulare System f\u00fcr Bildschirmarbeitspl\u00e4tze mit Multi-Screen-Anwendung f\u00fcr Leitstellen, Kontrolltische und H\u00e4ndlertische.","url":"https:\/\/deskflex-europe.eu\/","logo":{"@type":"ImageObject","inLanguage":"fr-FR","@id":"https:\/\/deskflex-europe.eu\/#\/schema\/logo\/image\/","url":"https:\/\/deskflex-europe.eu\/wp-content\/uploads\/2023\/02\/deskflex-logo-neu-de.png","contentUrl":"https:\/\/deskflex-europe.eu\/wp-content\/uploads\/2023\/02\/deskflex-logo-neu-de.png","width":600,"height":119,"caption":"Das modulare System f\u00fcr Bildschirmarbeitspl\u00e4tze mit Multi-Screen-Anwendung f\u00fcr Leitstellen, Kontrolltische und H\u00e4ndlertische."},"image":{"@id":"https:\/\/deskflex-europe.eu\/#\/schema\/logo\/image\/"}}]}},"_links":{"self":[{"href":"https:\/\/deskflex-europe.eu\/fr\/wp-json\/wp\/v2\/pages\/748","targetHints":{"allow":["GET"]}}],"collection":[{"href":"https:\/\/deskflex-europe.eu\/fr\/wp-json\/wp\/v2\/pages"}],"about":[{"href":"https:\/\/deskflex-europe.eu\/fr\/wp-json\/wp\/v2\/types\/page"}],"author":[{"embeddable":true,"href":"https:\/\/deskflex-europe.eu\/fr\/wp-json\/wp\/v2\/users\/1"}],"replies":[{"embeddable":true,"href":"https:\/\/deskflex-europe.eu\/fr\/wp-json\/wp\/v2\/comments?post=748"}],"version-history":[{"count":5,"href":"https:\/\/deskflex-europe.eu\/fr\/wp-json\/wp\/v2\/pages\/748\/revisions"}],"predecessor-version":[{"id":1016,"href":"https:\/\/deskflex-europe.eu\/fr\/wp-json\/wp\/v2\/pages\/748\/revisions\/1016"}],"wp:attachment":[{"href":"https:\/\/deskflex-europe.eu\/fr\/wp-json\/wp\/v2\/media?parent=748"}],"curies":[{"name":"wp","href":"https:\/\/api.w.org\/{rel}","templated":true}]}}