{"id":771,"date":"2023-02-08T12:52:13","date_gmt":"2023-02-08T12:52:13","guid":{"rendered":"http:\/\/deskflex-europe.eu\/?page_id=771"},"modified":"2023-04-12T11:18:52","modified_gmt":"2023-04-12T11:18:52","slug":"willkommen","status":"publish","type":"page","link":"https:\/\/deskflex-europe.eu\/fr","title":{"rendered":"Willkommen"},"content":{"rendered":"<p>[et_pb_section fb_built=\u00a0\u00bb1&Prime; admin_label=\u00a0\u00bbwillkommen FRANZ\u00d6SISCH\u00a0\u00bb module_id=\u00a0\u00bbstart\u00a0\u00bb _builder_version=\u00a0\u00bb4.20.2&Prime; _module_preset=\u00a0\u00bbdefault\u00a0\u00bb background_image=\u00a0\u00bbhttps:\/\/deskflex-europe.eu\/wp-content\/uploads\/2022\/11\/Grundlage-fuer-Internetaufbau.jpg\u00a0\u00bb min_height=\u00a0\u00bb1000px\u00a0\u00bb background_last_edited=\u00a0\u00bbon|desktop\u00a0\u00bb global_colors_info=\u00a0\u00bb{}\u00a0\u00bb][et_pb_row _builder_version=\u00a0\u00bb4.19.0&Prime; _module_preset=\u00a0\u00bbdefault\u00a0\u00bb max_width=\u00a0\u00bb1600px\u00a0\u00bb custom_margin=\u00a0\u00bb100px||||false|false\u00a0\u00bb custom_padding=\u00a0\u00bb||0px||false|false\u00a0\u00bb global_colors_info=\u00a0\u00bb{}\u00a0\u00bb][et_pb_column type=\u00a0\u00bb4_4&Prime; _builder_version=\u00a0\u00bb4.19.0&Prime; _module_preset=\u00a0\u00bbdefault\u00a0\u00bb global_colors_info=\u00a0\u00bb{}\u00a0\u00bb][et_pb_text _builder_version=\u00a0\u00bb4.20.2&Prime; _module_preset=\u00a0\u00bbdefault\u00a0\u00bb header_text_color=\u00a0\u00bb#FFFFFF\u00a0\u00bb header_font_size=\u00a0\u00bb55px\u00a0\u00bb header_line_height=\u00a0\u00bb1.1em\u00a0\u00bb header_font_size_tablet=\u00a0\u00bb40px\u00a0\u00bb header_font_size_phone=\u00a0\u00bb30px\u00a0\u00bb header_font_size_last_edited=\u00a0\u00bbon|phone\u00a0\u00bb header_text_shadow_style=\u00a0\u00bbpreset3&Prime; global_colors_info=\u00a0\u00bb{}\u00a0\u00bb]<\/p>\n<h1><strong>Bienvenue chez DESKFLEX<br \/>Am\u00e9nageur de salles d\u2019op\u00e9rations,<br \/>salles de contr\u00f4le et de march\u00e9.<\/strong><\/h1>\n<p>[\/et_pb_text][\/et_pb_column][\/et_pb_row][et_pb_row column_structure=\u00a0\u00bb1_2,1_2&Prime; _builder_version=\u00a0\u00bb4.19.0&Prime; _module_preset=\u00a0\u00bbdefault\u00a0\u00bb max_width=\u00a0\u00bb1600px\u00a0\u00bb custom_padding=\u00a0\u00bb42px|||||\u00a0\u00bb global_colors_info=\u00a0\u00bb{}\u00a0\u00bb][et_pb_column type=\u00a0\u00bb1_2&Prime; _builder_version=\u00a0\u00bb4.19.0&Prime; _module_preset=\u00a0\u00bbdefault\u00a0\u00bb global_colors_info=\u00a0\u00bb{}\u00a0\u00bb][et_pb_text _builder_version=\u00a0\u00bb4.20.2&Prime; _module_preset=\u00a0\u00bbdefault\u00a0\u00bb hover_enabled=\u00a0\u00bb0&Prime; global_colors_info=\u00a0\u00bb{}\u00a0\u00bb sticky_enabled=\u00a0\u00bb0&Prime;]<iframe loading=\"lazy\" src=\"https:\/\/player.vimeo.com\/video\/816871742?h=5711126792&#038;title=0&#038;byline=0&#038;portrait=0\" width=\"640\" height=\"360\" frameborder=\"0\" allow=\"autoplay; fullscreen; picture-in-picture\" allowfullscreen><\/iframe>[\/et_pb_text][\/et_pb_column][et_pb_column type=\u00a0\u00bb1_2&Prime; _builder_version=\u00a0\u00bb4.19.0&Prime; _module_preset=\u00a0\u00bbdefault\u00a0\u00bb global_colors_info=\u00a0\u00bb{}\u00a0\u00bb][et_pb_divider show_divider=\u00a0\u00bboff\u00a0\u00bb disabled_on=\u00a0\u00bbon|off|off\u00a0\u00bb _builder_version=\u00a0\u00bb4.20.2&Prime; _module_preset=\u00a0\u00bbdefault\u00a0\u00bb height=\u00a0\u00bb150px\u00a0\u00bb global_colors_info=\u00a0\u00bb{}\u00a0\u00bb][\/et_pb_divider][et_pb_image src=\u00a0\u00bbhttps:\/\/deskflex-europe.eu\/wp-content\/uploads\/2023\/02\/Deskflex_logo_weiss.png\u00a0\u00bb title_text=\u00a0\u00bbDeskflex_logo_weiss\u00a0\u00bb _builder_version=\u00a0\u00bb4.19.0&Prime; _module_preset=\u00a0\u00bbdefault\u00a0\u00bb global_colors_info=\u00a0\u00bb{}\u00a0\u00bb][\/et_pb_image][\/et_pb_column][\/et_pb_row][\/et_pb_section]<\/p>\n","protected":false},"excerpt":{"rendered":"<p>Bienvenue chez DESKFLEXAm\u00e9nageur de salles d\u2019op\u00e9rations,salles de contr\u00f4le et de march\u00e9.<\/p>\n","protected":false},"author":1,"featured_media":0,"parent":0,"menu_order":0,"comment_status":"closed","ping_status":"closed","template":"","meta":{"_et_pb_use_builder":"on","_et_pb_old_content":"<p>[et_pb_section fb_built=\"1\" admin_label=\"willkommen ENGLISCH\" module_id=\"start\" _builder_version=\"4.20.2\" _module_preset=\"default\" background_image=\"https:\/\/deskflex-europe.eu\/wp-content\/uploads\/2022\/11\/Grundlage-fuer-Internetaufbau.jpg\" min_height=\"1000px\" hover_enabled=\"0\" background_last_edited=\"on|desktop\" global_colors_info=\"{}\" sticky_enabled=\"0\"][et_pb_row _builder_version=\"4.19.0\" _module_preset=\"default\" max_width=\"1600px\" custom_margin=\"100px||||false|false\" custom_padding=\"||0px||false|false\" global_colors_info=\"{}\"][et_pb_column type=\"4_4\" _builder_version=\"4.19.0\" _module_preset=\"default\" global_colors_info=\"{}\"][et_pb_text _builder_version=\"4.20.2\" _module_preset=\"default\" header_text_color=\"#FFFFFF\" header_font_size=\"55px\" header_line_height=\"1.1em\" header_font_size_tablet=\"40px\" header_font_size_phone=\"30px\" header_font_size_last_edited=\"on|phone\" header_text_shadow_style=\"preset3\" global_colors_info=\"{}\"]<\/p><h1><strong>Willkommen bei DESK<em>FLEX<\/em><\/strong><br \/><strong>Einrichter f\u00fcr Leitstand,<br \/>Kontroll- und Handelsr\u00e4ume.<\/strong><\/h1><p>[\/et_pb_text][\/et_pb_column][\/et_pb_row][et_pb_row column_structure=\"1_2,1_2\" _builder_version=\"4.19.0\" _module_preset=\"default\" max_width=\"1600px\" custom_padding=\"42px|||||\" global_colors_info=\"{}\"][et_pb_column type=\"1_2\" _builder_version=\"4.19.0\" _module_preset=\"default\" global_colors_info=\"{}\"][et_pb_text _builder_version=\"4.19.0\" _module_preset=\"default\" global_colors_info=\"{}\"]<iframe src=\"https:\/\/player.vimeo.com\/video\/800444589?h=a01bc2bf83&title=0&byline=0&portrait=0\" width=\"640\" height=\"360\" frameborder=\"0\" allowfullscreen=\"allowfullscreen\" data-mce-fragment=\"1\"><\/iframe>[\/et_pb_text][\/et_pb_column][et_pb_column type=\"1_2\" _builder_version=\"4.19.0\" _module_preset=\"default\" global_colors_info=\"{}\"][et_pb_divider show_divider=\"off\" disabled_on=\"on|off|off\" _builder_version=\"4.20.2\" _module_preset=\"default\" height=\"150px\" global_colors_info=\"{}\"][\/et_pb_divider][et_pb_image src=\"https:\/\/deskflex-europe.eu\/wp-content\/uploads\/2023\/02\/Deskflex_logo_weiss.png\" title_text=\"Deskflex_logo_weiss\" _builder_version=\"4.19.0\" _module_preset=\"default\" global_colors_info=\"{}\"][\/et_pb_image][\/et_pb_column][\/et_pb_row][\/et_pb_section]<\/p>","_et_gb_content_width":"","footnotes":""},"class_list":["post-771","page","type-page","status-publish","hentry"],"yoast_head":"<!-- This site is optimized with the Yoast SEO plugin v25.3.1 - https:\/\/yoast.com\/wordpress\/plugins\/seo\/ -->\n<title>Willkommen - DESKFLEX Einrichter f\u00fcr Leitstellen, Kontrollr\u00e4ume und Handelsr\u00e4ume.<\/title>\n<meta name=\"robots\" content=\"index, follow, max-snippet:-1, max-image-preview:large, max-video-preview:-1\" \/>\n<link rel=\"canonical\" href=\"https:\/\/deskflex-europe.eu\/fr\/willkommen\" \/>\n<meta property=\"og:locale\" content=\"fr_FR\" \/>\n<meta property=\"og:type\" content=\"article\" \/>\n<meta property=\"og:title\" content=\"Willkommen - DESKFLEX Einrichter f\u00fcr Leitstellen, Kontrollr\u00e4ume und Handelsr\u00e4ume.\" \/>\n<meta property=\"og:description\" content=\"Bienvenue chez DESKFLEXAm\u00e9nageur de salles d\u2019op\u00e9rations,salles de contr\u00f4le et de march\u00e9.\" \/>\n<meta property=\"og:url\" content=\"https:\/\/deskflex-europe.eu\/fr\/willkommen\" \/>\n<meta property=\"og:site_name\" content=\"DESKFLEX Einrichter f\u00fcr Leitstellen, Kontrollr\u00e4ume und Handelsr\u00e4ume.\" \/>\n<meta property=\"article:modified_time\" content=\"2023-04-12T11:18:52+00:00\" \/>\n<meta name=\"twitter:card\" content=\"summary_large_image\" \/>\n<meta name=\"twitter:label1\" content=\"Dur\u00e9e de lecture estim\u00e9e\" \/>\n\t<meta name=\"twitter:data1\" content=\"1 minute\" \/>\n<script type=\"application\/ld+json\" class=\"yoast-schema-graph\">{\"@context\":\"https:\/\/schema.org\",\"@graph\":[{\"@type\":\"WebPage\",\"@id\":\"https:\/\/deskflex-europe.eu\/fr\/willkommen\",\"url\":\"https:\/\/deskflex-europe.eu\/fr\/willkommen\",\"name\":\"Willkommen - DESKFLEX Einrichter f\u00fcr Leitstellen, Kontrollr\u00e4ume und Handelsr\u00e4ume.\",\"isPartOf\":{\"@id\":\"https:\/\/deskflex-europe.eu\/#website\"},\"datePublished\":\"2023-02-08T12:52:13+00:00\",\"dateModified\":\"2023-04-12T11:18:52+00:00\",\"breadcrumb\":{\"@id\":\"https:\/\/deskflex-europe.eu\/fr\/willkommen#breadcrumb\"},\"inLanguage\":\"fr-FR\",\"potentialAction\":[{\"@type\":\"ReadAction\",\"target\":[\"https:\/\/deskflex-europe.eu\/fr\/willkommen\"]}]},{\"@type\":\"BreadcrumbList\",\"@id\":\"https:\/\/deskflex-europe.eu\/fr\/willkommen#breadcrumb\",\"itemListElement\":[{\"@type\":\"ListItem\",\"position\":1,\"name\":\"Startseite\",\"item\":\"https:\/\/deskflex-europe.eu\/fr\/willkommen\"},{\"@type\":\"ListItem\",\"position\":2,\"name\":\"Willkommen\"}]},{\"@type\":\"WebSite\",\"@id\":\"https:\/\/deskflex-europe.eu\/#website\",\"url\":\"https:\/\/deskflex-europe.eu\/\",\"name\":\"DESKFLEX Einrichter f\u00fcr Leitstellen, Kontrollr\u00e4ume und Handelsr\u00e4ume.\",\"description\":\"Das modulare System f\u00fcr Bildschirmarbeitspl\u00e4tze mit Multi-Screen-Anwendung f\u00fcr Leitstellen, Kontrolltische und H\u00e4ndlertische.\",\"publisher\":{\"@id\":\"https:\/\/deskflex-europe.eu\/#organization\"},\"potentialAction\":[{\"@type\":\"SearchAction\",\"target\":{\"@type\":\"EntryPoint\",\"urlTemplate\":\"https:\/\/deskflex-europe.eu\/?s={search_term_string}\"},\"query-input\":{\"@type\":\"PropertyValueSpecification\",\"valueRequired\":true,\"valueName\":\"search_term_string\"}}],\"inLanguage\":\"fr-FR\"},{\"@type\":\"Organization\",\"@id\":\"https:\/\/deskflex-europe.eu\/#organization\",\"name\":\"Das modulare System f\u00fcr Bildschirmarbeitspl\u00e4tze mit Multi-Screen-Anwendung f\u00fcr Leitstellen, Kontrolltische und H\u00e4ndlertische.\",\"url\":\"https:\/\/deskflex-europe.eu\/\",\"logo\":{\"@type\":\"ImageObject\",\"inLanguage\":\"fr-FR\",\"@id\":\"https:\/\/deskflex-europe.eu\/#\/schema\/logo\/image\/\",\"url\":\"https:\/\/deskflex-europe.eu\/wp-content\/uploads\/2023\/02\/deskflex-logo-neu-de.png\",\"contentUrl\":\"https:\/\/deskflex-europe.eu\/wp-content\/uploads\/2023\/02\/deskflex-logo-neu-de.png\",\"width\":600,\"height\":119,\"caption\":\"Das modulare System f\u00fcr Bildschirmarbeitspl\u00e4tze mit Multi-Screen-Anwendung f\u00fcr Leitstellen, Kontrolltische und H\u00e4ndlertische.\"},\"image\":{\"@id\":\"https:\/\/deskflex-europe.eu\/#\/schema\/logo\/image\/\"}}]}<\/script>\n<!-- \/ Yoast SEO plugin. -->","yoast_head_json":{"title":"Willkommen - DESKFLEX Einrichter f\u00fcr Leitstellen, Kontrollr\u00e4ume und Handelsr\u00e4ume.","robots":{"index":"index","follow":"follow","max-snippet":"max-snippet:-1","max-image-preview":"max-image-preview:large","max-video-preview":"max-video-preview:-1"},"canonical":"https:\/\/deskflex-europe.eu\/fr\/willkommen","og_locale":"fr_FR","og_type":"article","og_title":"Willkommen - DESKFLEX Einrichter f\u00fcr Leitstellen, Kontrollr\u00e4ume und Handelsr\u00e4ume.","og_description":"Bienvenue chez DESKFLEXAm\u00e9nageur de salles d\u2019op\u00e9rations,salles de contr\u00f4le et de march\u00e9.","og_url":"https:\/\/deskflex-europe.eu\/fr\/willkommen","og_site_name":"DESKFLEX Einrichter f\u00fcr Leitstellen, Kontrollr\u00e4ume und Handelsr\u00e4ume.","article_modified_time":"2023-04-12T11:18:52+00:00","twitter_card":"summary_large_image","twitter_misc":{"Dur\u00e9e de lecture estim\u00e9e":"1 minute"},"schema":{"@context":"https:\/\/schema.org","@graph":[{"@type":"WebPage","@id":"https:\/\/deskflex-europe.eu\/fr\/willkommen","url":"https:\/\/deskflex-europe.eu\/fr\/willkommen","name":"Willkommen - DESKFLEX Einrichter f\u00fcr Leitstellen, Kontrollr\u00e4ume und Handelsr\u00e4ume.","isPartOf":{"@id":"https:\/\/deskflex-europe.eu\/#website"},"datePublished":"2023-02-08T12:52:13+00:00","dateModified":"2023-04-12T11:18:52+00:00","breadcrumb":{"@id":"https:\/\/deskflex-europe.eu\/fr\/willkommen#breadcrumb"},"inLanguage":"fr-FR","potentialAction":[{"@type":"ReadAction","target":["https:\/\/deskflex-europe.eu\/fr\/willkommen"]}]},{"@type":"BreadcrumbList","@id":"https:\/\/deskflex-europe.eu\/fr\/willkommen#breadcrumb","itemListElement":[{"@type":"ListItem","position":1,"name":"Startseite","item":"https:\/\/deskflex-europe.eu\/fr\/willkommen"},{"@type":"ListItem","position":2,"name":"Willkommen"}]},{"@type":"WebSite","@id":"https:\/\/deskflex-europe.eu\/#website","url":"https:\/\/deskflex-europe.eu\/","name":"DESKFLEX Einrichter f\u00fcr Leitstellen, Kontrollr\u00e4ume und Handelsr\u00e4ume.","description":"Das modulare System f\u00fcr Bildschirmarbeitspl\u00e4tze mit Multi-Screen-Anwendung f\u00fcr Leitstellen, Kontrolltische und H\u00e4ndlertische.","publisher":{"@id":"https:\/\/deskflex-europe.eu\/#organization"},"potentialAction":[{"@type":"SearchAction","target":{"@type":"EntryPoint","urlTemplate":"https:\/\/deskflex-europe.eu\/?s={search_term_string}"},"query-input":{"@type":"PropertyValueSpecification","valueRequired":true,"valueName":"search_term_string"}}],"inLanguage":"fr-FR"},{"@type":"Organization","@id":"https:\/\/deskflex-europe.eu\/#organization","name":"Das modulare System f\u00fcr Bildschirmarbeitspl\u00e4tze mit Multi-Screen-Anwendung f\u00fcr Leitstellen, Kontrolltische und H\u00e4ndlertische.","url":"https:\/\/deskflex-europe.eu\/","logo":{"@type":"ImageObject","inLanguage":"fr-FR","@id":"https:\/\/deskflex-europe.eu\/#\/schema\/logo\/image\/","url":"https:\/\/deskflex-europe.eu\/wp-content\/uploads\/2023\/02\/deskflex-logo-neu-de.png","contentUrl":"https:\/\/deskflex-europe.eu\/wp-content\/uploads\/2023\/02\/deskflex-logo-neu-de.png","width":600,"height":119,"caption":"Das modulare System f\u00fcr Bildschirmarbeitspl\u00e4tze mit Multi-Screen-Anwendung f\u00fcr Leitstellen, Kontrolltische und H\u00e4ndlertische."},"image":{"@id":"https:\/\/deskflex-europe.eu\/#\/schema\/logo\/image\/"}}]}},"_links":{"self":[{"href":"https:\/\/deskflex-europe.eu\/fr\/wp-json\/wp\/v2\/pages\/771","targetHints":{"allow":["GET"]}}],"collection":[{"href":"https:\/\/deskflex-europe.eu\/fr\/wp-json\/wp\/v2\/pages"}],"about":[{"href":"https:\/\/deskflex-europe.eu\/fr\/wp-json\/wp\/v2\/types\/page"}],"author":[{"embeddable":true,"href":"https:\/\/deskflex-europe.eu\/fr\/wp-json\/wp\/v2\/users\/1"}],"replies":[{"embeddable":true,"href":"https:\/\/deskflex-europe.eu\/fr\/wp-json\/wp\/v2\/comments?post=771"}],"version-history":[{"count":4,"href":"https:\/\/deskflex-europe.eu\/fr\/wp-json\/wp\/v2\/pages\/771\/revisions"}],"predecessor-version":[{"id":893,"href":"https:\/\/deskflex-europe.eu\/fr\/wp-json\/wp\/v2\/pages\/771\/revisions\/893"}],"wp:attachment":[{"href":"https:\/\/deskflex-europe.eu\/fr\/wp-json\/wp\/v2\/media?parent=771"}],"curies":[{"name":"wp","href":"https:\/\/api.w.org\/{rel}","templated":true}]}}